{"id":651,"date":"2018-02-07T10:28:08","date_gmt":"2018-02-07T10:28:08","guid":{"rendered":"http:\/\/semra-ak.com\/?page_id=651"},"modified":"2018-02-07T11:15:22","modified_gmt":"2018-02-07T11:15:22","slug":"imprint","status":"publish","type":"page","link":"http:\/\/semra-ak.com\/?page_id=651","title":{"rendered":"Imprint"},"content":{"rendered":"<header class=\"entry-header\">\n<h1 class=\"entry-title\">IMPRESSUM<\/h1>\n<\/header>\n<div class=\"entry-content clearfix\">\n<div id=\"themify_builder_content-3577\" class=\"themify_builder_content themify_builder_content-3577 themify_builder themify_builder_front\" data-postid=\"3577\">\n<div class=\"themify_builder_row themify_builder_3577_row module_row module_row_0 clearfix gutter-default wow animated\" data-gutter=\"gutter-default\" data-equal-column-height=\"\">\n<div class=\"row_inner_wrapper\">\n<div class=\"row_inner\">\n<div class=\"col-full first tb-column tb_3577_column module_column_0 module_column\">\n<div class=\"tb-column-inner\">\n<div id=\"text-3577-0-0-1\" class=\"module module-text text-3577-0-0-1 \">\n<p>Semra Ak<br \/>\nHans-Bredow-Str.38<br \/>\n65189 Wiesbaden<br \/>\nDeutschland<br \/>\nMail:\u00a0mail@semra-ak.com<br \/>\nMobil: 0151 46417763<\/p>\n<p>Verantwortlich f\u00fcr den Inhalt:\u00a0Semra Ak<\/p>\n<h4><strong>Urheberrecht<\/strong><\/h4>\n<p>S\u00e4mtliche Bilder und Texte der Webseite sind durch das deutschen Urheberrecht gesch\u00fctzt. Eine Vervielf\u00e4ltigung, Bearbeitung, Verbreitung und jede Art der Verwertung bed\u00fcrfen meiner ausdr\u00fccklichen schriftlichen Zustimmung.<\/p>\n<p><strong>Haftung f\u00fcr Inhalte<\/strong><\/p>\n<p>Die Inhalte meiner Seiten wurden mit gr\u00f6\u00dfter Sorgfalt erstellt. F\u00fcr die Richtigkeit, Vollst\u00e4ndigkeit und Aktualit\u00e4t der Inhalte kann ich jedoch keine Gew\u00e4hr \u00fcbernehmen. Als Diensteanbieter bin ich gem\u00e4\u00df \u00a7 7 Abs.1 TMG f\u00fcr eigene Inhalte auf diesen Seiten nach den allgemeinen Gesetzen verantwortlich. Nach \u00a7\u00a7 8 bis 10 TMG bin ich als Diensteanbieter jedoch nicht verpflichtet, \u00fcbermittelte oder gespeicherte fremde Informationen zu \u00fcberwachen oder nach Umst\u00e4nden zu forschen, die auf eine rechtswidrige T\u00e4tigkeit hinweisen. Verpflichtungen zur Entfernung oder Sperrung der Nutzung von Informationen nach den allgemeinen Gesetzen bleiben hiervon unber\u00fchrt. Eine diesbez\u00fcgliche Haftung ist jedoch erst ab dem Zeitpunkt der Kenntnis einer konkreten Rechtsverletzung m\u00f6glich. Bei Bekanntwerden von entsprechenden Rechtsverletzungen werde ich diese Inhalte umgehend entfernen.<\/p>\n<h4><strong>Haftung f\u00fcr Links<\/strong><\/h4>\n<p>Meine Webseite enth\u00e4lt Links zu externen Webseiten Dritter, auf deren Inhalte ich keinen Einfluss habe. Deshalb kann ich f\u00fcr diese fremden Inhalte auch keine Gew\u00e4hr \u00fcbernehmen. F\u00fcr die Inhalte der verlinkten Seiten ist stets der jeweilige Anbieter oder Betreiber der Seiten verantwortlich. Die verlinkten Seiten wurden zum Zeitpunkt der Verlinkung auf m\u00f6gliche Rechtsverst\u00f6\u00dfe \u00fcberpr\u00fcft. Rechtswidrige Inhalte waren zum Zeitpunkt der Verlinkung nicht erkennbar. Eine permanente inhaltliche Kontrolle der verlinkten Seiten ist jedoch ohne konkrete Anhaltspunkte einer Rechtsverletzung nicht zumutbar. Bei Bekanntwerden von Rechtsverletzungen werde ich derartige Links umgehend entfernen.<\/p>\n<h4><strong>Datenschutz<\/strong><\/h4>\n<p>Die Nutzung meiner Webseite ist in der Regel ohne Angabe personenbezogener Daten m\u00f6glich. Soweit personenbezogene Daten (beispielsweise Name, Anschrift oder eMail-Adressen) erhoben werden, erfolgt dies, soweit m\u00f6glich, stets auf freiwilliger Basis. Diese Daten werden ohne Ihre ausdr\u00fcckliche Zustimmung nicht an Dritte weitergegeben.<\/p>\n<p>Ich weise darauf hin, dass die Daten\u00fcbertragung im Internet (z.B. bei der Kommunikation per E-Mail) Sicherheitsl\u00fccken aufweisen kann. Ein l\u00fcckenloser Schutz der Daten vor dem Zugriff durch Dritte ist nicht m\u00f6glich.<br \/>\nDer Nutzung von im Rahmen der Impressumspflicht ver\u00f6ffentlichten Kontaktdaten durch Dritte zur \u00dcbersendung von nicht ausdr\u00fccklich angeforderter Werbung und Informationsmaterialien wird hiermit ausdr\u00fccklich widersprochen. Ich behalte mir ausdr\u00fccklich rechtliche Schritte im Falle der unverlangten Zusendung von Werbeinformationen, etwa durch Spam-Mails, vor.<\/p>\n<p>&nbsp;<\/p>\n<p>Quellverweis: eRecht24 Disclaimer<\/p>\n<\/div>\n<\/div>\n<\/div>\n<\/div>\n<\/div>\n<\/div>\n<\/div>\n<\/div>\n","protected":false},"excerpt":{"rendered":"<p>IMPRESSUM Semra Ak Hans-Bredow-Str.38 65189 Wiesbaden Deutschland Mail:\u00a0mail@semra-ak.com Mobil: 0151 46417763 Verantwortlich f\u00fcr den Inhalt:\u00a0Semra Ak Urheberrecht S\u00e4mtliche Bilder und Texte der Webseite sind durch das deutschen Urheberrecht gesch\u00fctzt. Eine Vervielf\u00e4ltigung, Bearbeitung, Verbreitung und jede Art der Verwertung bed\u00fcrfen meiner ausdr\u00fccklichen schriftlichen Zustimmung. Haftung f\u00fcr Inhalte Die Inhalte meiner Seiten wurden mit gr\u00f6\u00dfter Sorgfalt erstellt. [&hellip;]<\/p>\n","protected":false},"author":1,"featured_media":0,"parent":0,"menu_order":0,"comment_status":"closed","ping_status":"closed","template":"","meta":[],"_links":{"self":[{"href":"http:\/\/semra-ak.com\/index.php?rest_route=\/wp\/v2\/pages\/651"}],"collection":[{"href":"http:\/\/semra-ak.com\/index.php?rest_route=\/wp\/v2\/pages"}],"about":[{"href":"http:\/\/semra-ak.com\/index.php?rest_route=\/wp\/v2\/types\/page"}],"author":[{"embeddable":true,"href":"http:\/\/semra-ak.com\/index.php?rest_route=\/wp\/v2\/users\/1"}],"replies":[{"embeddable":true,"href":"http:\/\/semra-ak.com\/index.php?rest_route=%2Fwp%2Fv2%2Fcomments&post=651"}],"version-history":[{"count":14,"href":"http:\/\/semra-ak.com\/index.php?rest_route=\/wp\/v2\/pages\/651\/revisions"}],"predecessor-version":[{"id":670,"href":"http:\/\/semra-ak.com\/index.php?rest_route=\/wp\/v2\/pages\/651\/revisions\/670"}],"wp:attachment":[{"href":"http:\/\/semra-ak.com\/index.php?rest_route=%2Fwp%2Fv2%2Fmedia&parent=651"}],"curies":[{"name":"wp","href":"https:\/\/api.w.org\/{rel}","templated":true}]}}